{"id":13,"date":"2026-01-07T11:52:29","date_gmt":"2026-01-07T10:52:29","guid":{"rendered":"https:\/\/artemis79.fr\/?page_id=13"},"modified":"2026-01-11T15:57:51","modified_gmt":"2026-01-11T14:57:51","slug":"creation-exterieure","status":"publish","type":"page","link":"https:\/\/artemis79.fr\/index.php\/creation-exterieure\/","title":{"rendered":"Am\u00e9nagements ext\u00e9rieurs"},"content":{"rendered":"\n<p class=\"has-text-align-center\"><strong>Voici quelques exemples de r\u00e9alisation. Pour tous vos projets, n&rsquo;h\u00e9sitez pas \u00e0 me contacter !<\/strong><\/p>\n\n\n\n<figure class=\"wp-block-gallery has-nested-images columns-3 is-cropped wp-block-gallery-1 is-layout-flex wp-block-gallery-is-layout-flex\">\n<figure class=\"wp-block-image size-large has-custom-border\"><img loading=\"lazy\" decoding=\"async\" width=\"1024\" height=\"683\" data-id=\"348\" src=\"https:\/\/artemis79.fr\/wp-content\/uploads\/2026\/01\/Abri-1024x683.png\" alt=\"\" class=\"wp-image-348\" style=\"border-style:none;border-width:0px\" srcset=\"https:\/\/artemis79.fr\/wp-content\/uploads\/2026\/01\/Abri-1024x683.png 1024w, https:\/\/artemis79.fr\/wp-content\/uploads\/2026\/01\/Abri-300x200.png 300w, https:\/\/artemis79.fr\/wp-content\/uploads\/2026\/01\/Abri-768x512.png 768w, https:\/\/artemis79.fr\/wp-content\/uploads\/2026\/01\/Abri.png 1536w\" sizes=\"auto, (max-width: 1024px) 100vw, 1024px\" \/><figcaption class=\"wp-element-caption\"><strong>Montage et installation d&rsquo;abri de jardin<\/strong><\/figcaption><\/figure>\n\n\n\n<figure class=\"wp-block-image size-large has-custom-border\"><img loading=\"lazy\" decoding=\"async\" width=\"1024\" height=\"683\" data-id=\"349\" src=\"https:\/\/artemis79.fr\/wp-content\/uploads\/2026\/01\/Cloture-DEF-1024x683.png\" alt=\"\" class=\"wp-image-349\" style=\"border-style:none;border-width:0px\" srcset=\"https:\/\/artemis79.fr\/wp-content\/uploads\/2026\/01\/Cloture-DEF-1024x683.png 1024w, https:\/\/artemis79.fr\/wp-content\/uploads\/2026\/01\/Cloture-DEF-300x200.png 300w, https:\/\/artemis79.fr\/wp-content\/uploads\/2026\/01\/Cloture-DEF-768x512.png 768w, https:\/\/artemis79.fr\/wp-content\/uploads\/2026\/01\/Cloture-DEF.png 1536w\" sizes=\"auto, (max-width: 1024px) 100vw, 1024px\" \/><figcaption class=\"wp-element-caption\"><strong>Pose de cl\u00f4ture<\/strong><\/figcaption><\/figure>\n\n\n\n<figure class=\"wp-block-image size-large has-custom-border\"><img loading=\"lazy\" decoding=\"async\" width=\"1024\" height=\"683\" data-id=\"350\" src=\"https:\/\/artemis79.fr\/wp-content\/uploads\/2026\/01\/Bacs-DEF-1024x683.png\" alt=\"\" class=\"wp-image-350\" style=\"border-style:none;border-width:0px\" srcset=\"https:\/\/artemis79.fr\/wp-content\/uploads\/2026\/01\/Bacs-DEF-1024x683.png 1024w, https:\/\/artemis79.fr\/wp-content\/uploads\/2026\/01\/Bacs-DEF-300x200.png 300w, https:\/\/artemis79.fr\/wp-content\/uploads\/2026\/01\/Bacs-DEF-768x512.png 768w, https:\/\/artemis79.fr\/wp-content\/uploads\/2026\/01\/Bacs-DEF.png 1536w\" sizes=\"auto, (max-width: 1024px) 100vw, 1024px\" \/><figcaption class=\"wp-element-caption\"><strong>Installation de bacs potager<\/strong><\/figcaption><\/figure>\n\n\n\n<figure class=\"wp-block-image size-full has-custom-border\"><img loading=\"lazy\" decoding=\"async\" width=\"1371\" height=\"914\" data-id=\"354\" src=\"https:\/\/artemis79.fr\/wp-content\/uploads\/2026\/01\/ChatGPT-Image-11-janv.-2026-15_56_26-edited.png\" alt=\"\" class=\"wp-image-354\" style=\"border-style:none;border-width:0px\" srcset=\"https:\/\/artemis79.fr\/wp-content\/uploads\/2026\/01\/ChatGPT-Image-11-janv.-2026-15_56_26-edited.png 1371w, https:\/\/artemis79.fr\/wp-content\/uploads\/2026\/01\/ChatGPT-Image-11-janv.-2026-15_56_26-edited-300x200.png 300w, https:\/\/artemis79.fr\/wp-content\/uploads\/2026\/01\/ChatGPT-Image-11-janv.-2026-15_56_26-edited-1024x683.png 1024w, https:\/\/artemis79.fr\/wp-content\/uploads\/2026\/01\/ChatGPT-Image-11-janv.-2026-15_56_26-edited-768x512.png 768w\" sizes=\"auto, (max-width: 1371px) 100vw, 1371px\" \/><figcaption class=\"wp-element-caption\"><strong>Pose de terrasse en bois<\/strong><\/figcaption><\/figure>\n<\/figure>\n\n\n\n<p><\/p>\n","protected":false},"excerpt":{"rendered":"<p>Voici quelques exemples de r\u00e9alisation. Pour tous vos projets, n&rsquo;h\u00e9sitez pas \u00e0 me contacter !<\/p>\n","protected":false},"author":1,"featured_media":0,"parent":0,"menu_order":2,"comment_status":"closed","ping_status":"closed","template":"","meta":{"footnotes":""},"class_list":["post-13","page","type-page","status-publish","hentry"],"blocksy_meta":[],"_links":{"self":[{"href":"https:\/\/artemis79.fr\/index.php\/wp-json\/wp\/v2\/pages\/13","targetHints":{"allow":["GET"]}}],"collection":[{"href":"https:\/\/artemis79.fr\/index.php\/wp-json\/wp\/v2\/pages"}],"about":[{"href":"https:\/\/artemis79.fr\/index.php\/wp-json\/wp\/v2\/types\/page"}],"author":[{"embeddable":true,"href":"https:\/\/artemis79.fr\/index.php\/wp-json\/wp\/v2\/users\/1"}],"replies":[{"embeddable":true,"href":"https:\/\/artemis79.fr\/index.php\/wp-json\/wp\/v2\/comments?post=13"}],"version-history":[{"count":25,"href":"https:\/\/artemis79.fr\/index.php\/wp-json\/wp\/v2\/pages\/13\/revisions"}],"predecessor-version":[{"id":356,"href":"https:\/\/artemis79.fr\/index.php\/wp-json\/wp\/v2\/pages\/13\/revisions\/356"}],"wp:attachment":[{"href":"https:\/\/artemis79.fr\/index.php\/wp-json\/wp\/v2\/media?parent=13"}],"curies":[{"name":"wp","href":"https:\/\/api.w.org\/{rel}","templated":true}]}}