{"id":246,"date":"2026-01-09T22:29:04","date_gmt":"2026-01-09T21:29:04","guid":{"rendered":"https:\/\/artemis79.fr\/?page_id=246"},"modified":"2026-03-11T14:45:18","modified_gmt":"2026-03-11T13:45:18","slug":"mentions-legales","status":"publish","type":"page","link":"https:\/\/artemis79.fr\/index.php\/mentions-legales\/","title":{"rendered":"Mentions l\u00e9gales"},"content":{"rendered":"\n<h5 class=\"wp-block-heading\" style=\"margin-top:0;margin-bottom:0;padding-top:0;padding-bottom:0\"><strong>Informations l\u00e9gales<\/strong><\/h5>\n\n\n\n<p>Toutes les informations l\u00e9gales et conditions d&rsquo;utilisation du site www.artemis79.fr<\/p>\n\n\n\n<h5 class=\"wp-block-heading\" style=\"margin-top:0;margin-bottom:0\"><strong>Mentions l\u00e9gales<\/strong><\/h5>\n\n\n\n<p style=\"margin-top:0;margin-bottom:0;padding-top:0;padding-bottom:0\">Art\u00e9mis79, Micro entreprise, ayant son si\u00e8ge social situ\u00e9 au 6 rue des ouches &#8211; 79210 Mauz\u00e9 sur le Mignon.<\/p>\n\n\n\n<ul style=\"margin-top:0;margin-bottom:0;padding-top:0;padding-bottom:0\" class=\"wp-block-list\">\n<li>Num\u00e9ro de t\u00e9l\u00e9phone : 06 16 40 82 80<\/li>\n\n\n\n<li>Adresse e-mail : jj.artemis79@gmail.com<\/li>\n\n\n\n<li>Num\u00e9ro SIRET : 791 137 169 00037<\/li>\n\n\n\n<li>Num\u00e9ro SAP : SAP791137169<\/li>\n<\/ul>\n\n\n\n<p>Avance imm\u00e9diate de cr\u00e9dit d&rsquo;imp\u00f4t : Ce service est mis en place par l&rsquo;URSAFF et la Direction G\u00e9n\u00e9rale des Finances Publiques.<\/p>\n\n\n\n<h5 class=\"wp-block-heading\" style=\"margin-top:0;margin-bottom:0\"><strong>H\u00e9bergement du site<\/strong><\/h5>\n\n\n\n<ul class=\"wp-block-list\">\n<li>H\u00e9bergeur : OVH<\/li>\n\n\n\n<li>Adresse de l\u2019h\u00e9bergeur : 2 rue Kellerman &#8211; 59100 Roubaix<\/li>\n<\/ul>\n\n\n\n<h5 class=\"wp-block-heading\" style=\"margin-top:0;margin-bottom:0\"><strong>Droits d&rsquo;auteur et propri\u00e9t\u00e9 intellectuelle<\/strong><\/h5>\n\n\n\n<p>L\u2019ensemble de ce site rel\u00e8ve de la l\u00e9gislation fran\u00e7aise et internationale sur le droit d\u2019auteur et la propri\u00e9t\u00e9 intellectuelle. Tous les droits de reproduction sont r\u00e9serv\u00e9s, y compris pour les documents t\u00e9l\u00e9chargeables et les repr\u00e9sentations iconographiques et photographiques.<\/p>\n\n\n\n<h5 class=\"wp-block-heading\" style=\"margin-top:0;margin-bottom:0\"><strong>Protection des donn\u00e9es personnelles<\/strong><\/h5>\n\n\n\n<p>Aucune information personnelle n\u2019est collect\u00e9e \u00e0 votre insu ni c\u00e9d\u00e9e \u00e0 des tiers. Les donn\u00e9es recueillies via les formulaires pr\u00e9sents sur le site sont uniquement destin\u00e9es \u00e0 un usage interne et ne seront pas transmises ou vendues \u00e0 des tiers.<\/p>\n\n\n\n<h5 class=\"wp-block-heading\" style=\"margin-top:0;margin-bottom:0\"><strong>Limitation de responsabilit\u00e9<\/strong><\/h5>\n\n\n\n<p>Art\u00e9mis79 s\u2019efforce d\u2019assurer au mieux de ses possibilit\u00e9s, l\u2019exactitude et la mise \u00e0 jour des informations diffus\u00e9es sur ce site, dont elle se r\u00e9serve le droit de corriger, \u00e0 tout moment et sans pr\u00e9avis, le contenu. Toutefois, Art\u00e9mis79 ne peut garantir l\u2019exactitude, la pr\u00e9cision ou l\u2019exhaustivit\u00e9 des informations mises \u00e0 disposition sur ce site.<\/p>\n\n\n\n<p><\/p>\n","protected":false},"excerpt":{"rendered":"<p>Informations l\u00e9gales Toutes les informations l\u00e9gales et conditions d&rsquo;utilisation du site www.artemis79.fr Mentions l\u00e9gales Art\u00e9mis79, Micro entreprise, ayant son si\u00e8ge social situ\u00e9 au 6 rue des ouches &#8211; 79210 Mauz\u00e9 sur le Mignon. Avance imm\u00e9diate de cr\u00e9dit d&rsquo;imp\u00f4t : Ce service est mis en place par l&rsquo;URSAFF et la Direction G\u00e9n\u00e9rale des Finances Publiques. H\u00e9bergement [&hellip;]<\/p>\n","protected":false},"author":1,"featured_media":0,"parent":0,"menu_order":6,"comment_status":"closed","ping_status":"closed","template":"","meta":{"footnotes":""},"class_list":["post-246","page","type-page","status-publish","hentry"],"blocksy_meta":[],"_links":{"self":[{"href":"https:\/\/artemis79.fr\/index.php\/wp-json\/wp\/v2\/pages\/246","targetHints":{"allow":["GET"]}}],"collection":[{"href":"https:\/\/artemis79.fr\/index.php\/wp-json\/wp\/v2\/pages"}],"about":[{"href":"https:\/\/artemis79.fr\/index.php\/wp-json\/wp\/v2\/types\/page"}],"author":[{"embeddable":true,"href":"https:\/\/artemis79.fr\/index.php\/wp-json\/wp\/v2\/users\/1"}],"replies":[{"embeddable":true,"href":"https:\/\/artemis79.fr\/index.php\/wp-json\/wp\/v2\/comments?post=246"}],"version-history":[{"count":10,"href":"https:\/\/artemis79.fr\/index.php\/wp-json\/wp\/v2\/pages\/246\/revisions"}],"predecessor-version":[{"id":514,"href":"https:\/\/artemis79.fr\/index.php\/wp-json\/wp\/v2\/pages\/246\/revisions\/514"}],"wp:attachment":[{"href":"https:\/\/artemis79.fr\/index.php\/wp-json\/wp\/v2\/media?parent=246"}],"curies":[{"name":"wp","href":"https:\/\/api.w.org\/{rel}","templated":true}]}}