{"id":34,"date":"2026-01-07T13:05:31","date_gmt":"2026-01-07T12:05:31","guid":{"rendered":"https:\/\/artemis79.fr\/?page_id=34"},"modified":"2026-03-06T15:20:58","modified_gmt":"2026-03-06T14:20:58","slug":"renovation-interieure","status":"publish","type":"page","link":"https:\/\/artemis79.fr\/index.php\/renovation-interieure\/","title":{"rendered":"R\u00e9novation et bricolage"},"content":{"rendered":"\n<div class=\"wp-block-columns is-layout-flex wp-container-core-columns-is-layout-28f84493 wp-block-columns-is-layout-flex\">\n<div class=\"wp-block-column is-vertically-aligned-center is-layout-flow wp-block-column-is-layout-flow\" style=\"flex-basis:20%\">\n<figure class=\"wp-block-gallery has-nested-images columns-default is-cropped wp-block-gallery-1 is-layout-flex wp-block-gallery-is-layout-flex\">\n<figure class=\"wp-block-image size-large has-custom-border\" style=\"margin-top:0;margin-right:var(--wp--preset--spacing--80);margin-bottom:0;margin-left:var(--wp--preset--spacing--80)\"><img loading=\"lazy\" decoding=\"async\" width=\"1024\" height=\"754\" data-id=\"470\" src=\"https:\/\/artemis79.fr\/wp-content\/uploads\/2026\/02\/sap-transparent-14-1024x754.png\" alt=\"\" class=\"wp-image-470\" style=\"border-style:none;border-width:0px\" srcset=\"https:\/\/artemis79.fr\/wp-content\/uploads\/2026\/02\/sap-transparent-14-1024x754.png 1024w, https:\/\/artemis79.fr\/wp-content\/uploads\/2026\/02\/sap-transparent-14-300x221.png 300w, https:\/\/artemis79.fr\/wp-content\/uploads\/2026\/02\/sap-transparent-14-768x565.png 768w, https:\/\/artemis79.fr\/wp-content\/uploads\/2026\/02\/sap-transparent-14.png 1058w\" sizes=\"auto, (max-width: 1024px) 100vw, 1024px\" \/><\/figure>\n<\/figure>\n<\/div>\n\n\n\n<div class=\"wp-block-column is-layout-flow wp-block-column-is-layout-flow\" style=\"flex-basis:80%\">\n<p><strong>Je r\u00e9alise de petits travaux de bricolage \u00e9ligibles au cr\u00e9dit d\u2019imp\u00f4t, comme : <\/strong><\/p>\n\n\n\n<ul class=\"wp-block-list\">\n<li>Petites r\u00e9parations courantes<\/li>\n\n\n\n<li>Montage de meubles en kit<\/li>\n\n\n\n<li>Fixation d\u2019\u00e9tag\u00e8res<\/li>\n\n\n\n<li>Pose de tringles \u00e0 rideaux<\/li>\n\n\n\n<li>Pose de cadres et\/ou de miroirs<\/li>\n\n\n\n<li>R\u00e9glage de portes et\/ou de volets<\/li>\n<\/ul>\n\n\n\n<p>(Concerne des prestations \u00e9l\u00e9mentaires et occasionnelles, qui n\u2019appellent pas de savoir-faire professionnel particulier et qui peuvent \u00eatre r\u00e9alis\u00e9es en 2 heures maximum.)<br>Le r\u00e8glement de ces prestations est possible par CESU pr\u00e9financ\u00e9s et je propose \u00e9galement l&rsquo;avance imm\u00e9diate sur cr\u00e9dit d&rsquo;imp\u00f4t. <br>L&rsquo;avance imm\u00e9diate de cr\u00e9dit d&rsquo;imp\u00f4t n&rsquo;est pas un service obligatoire et est mis en place par l&rsquo;URSAFF et la Direction G\u00e9n\u00e9rale des Finances Publiques.<\/p>\n<\/div>\n<\/div>\n\n\n\n<hr class=\"wp-block-separator aligncenter has-alpha-channel-opacity is-style-wide\"\/>\n\n\n\n<p class=\"has-text-align-center\"><strong>Voici quelques exemples de r\u00e9novations plus importantes, non \u00e9ligibles au cr\u00e9dit d&rsquo;imp\u00f4t. Pour tous vos projets, n&rsquo;h\u00e9sitez pas \u00e0 me contacter !<\/strong><\/p>\n\n\n\n<h5 class=\"wp-block-heading\" style=\"margin-top:0;margin-bottom:0\">R\u00e9novation d&rsquo;une chambre d&rsquo;amis en chambre d&rsquo;enfant :<\/h5>\n\n\n\n<p style=\"margin-top:0;margin-bottom:0;padding-top:var(--wp--preset--spacing--20);padding-bottom:var(--wp--preset--spacing--20)\">(suppression du placard, retrait du papier peint, enduit (murs et plafond), peinture et pose de papier peint)<\/p>\n\n\n\n<div class=\"wp-block-columns is-layout-flex wp-container-core-columns-is-layout-28f84493 wp-block-columns-is-layout-flex\">\n<div class=\"wp-block-column is-layout-flow wp-block-column-is-layout-flow\" style=\"padding-right:var(--wp--preset--spacing--40);padding-left:var(--wp--preset--spacing--40)\">\n<figure class=\"wp-block-gallery has-nested-images columns-default is-cropped wp-block-gallery-2 is-layout-flex wp-block-gallery-is-layout-flex\">\n<figure class=\"wp-block-image size-large has-custom-border\" style=\"margin-top:0;margin-right:0;margin-bottom:0;margin-left:0\"><img loading=\"lazy\" decoding=\"async\" width=\"683\" height=\"1024\" data-id=\"296\" src=\"https:\/\/artemis79.fr\/wp-content\/uploads\/2026\/01\/Chambre-Milo-1-Avant-DEF-1-683x1024.png\" alt=\"\" class=\"wp-image-296\" style=\"border-style:none;border-width:0px\" srcset=\"https:\/\/artemis79.fr\/wp-content\/uploads\/2026\/01\/Chambre-Milo-1-Avant-DEF-1-683x1024.png 683w, https:\/\/artemis79.fr\/wp-content\/uploads\/2026\/01\/Chambre-Milo-1-Avant-DEF-1-200x300.png 200w, https:\/\/artemis79.fr\/wp-content\/uploads\/2026\/01\/Chambre-Milo-1-Avant-DEF-1-768x1152.png 768w, https:\/\/artemis79.fr\/wp-content\/uploads\/2026\/01\/Chambre-Milo-1-Avant-DEF-1.png 1024w\" sizes=\"auto, (max-width: 683px) 100vw, 683px\" \/><figcaption class=\"wp-element-caption\"><strong>Avant<\/strong><\/figcaption><\/figure>\n\n\n\n<figure class=\"wp-block-image size-large has-custom-border\"><img loading=\"lazy\" decoding=\"async\" width=\"1024\" height=\"768\" data-id=\"297\" src=\"https:\/\/artemis79.fr\/wp-content\/uploads\/2026\/01\/Chambre-Milo-1-Apres-1024x768.jpg\" alt=\"\" class=\"wp-image-297\" style=\"border-style:none;border-width:0px\" srcset=\"https:\/\/artemis79.fr\/wp-content\/uploads\/2026\/01\/Chambre-Milo-1-Apres-1024x768.jpg 1024w, https:\/\/artemis79.fr\/wp-content\/uploads\/2026\/01\/Chambre-Milo-1-Apres-300x225.jpg 300w, https:\/\/artemis79.fr\/wp-content\/uploads\/2026\/01\/Chambre-Milo-1-Apres-768x576.jpg 768w, https:\/\/artemis79.fr\/wp-content\/uploads\/2026\/01\/Chambre-Milo-1-Apres-1536x1152.jpg 1536w, https:\/\/artemis79.fr\/wp-content\/uploads\/2026\/01\/Chambre-Milo-1-Apres-2048x1536.jpg 2048w\" sizes=\"auto, (max-width: 1024px) 100vw, 1024px\" \/><figcaption class=\"wp-element-caption\"><strong>Apr\u00e8s<\/strong><\/figcaption><\/figure>\n<\/figure>\n<\/div>\n\n\n\n<div class=\"wp-block-column is-layout-flow wp-block-column-is-layout-flow\">\n<figure class=\"wp-block-gallery has-nested-images columns-default is-cropped wp-block-gallery-3 is-layout-flex wp-block-gallery-is-layout-flex\">\n<figure class=\"wp-block-image size-large has-custom-border\"><img loading=\"lazy\" decoding=\"async\" width=\"683\" height=\"1024\" data-id=\"299\" src=\"https:\/\/artemis79.fr\/wp-content\/uploads\/2026\/01\/Chambre-Milo-2-Avant-DEF-683x1024.png\" alt=\"\" class=\"wp-image-299\" style=\"border-style:none;border-width:0px\" srcset=\"https:\/\/artemis79.fr\/wp-content\/uploads\/2026\/01\/Chambre-Milo-2-Avant-DEF-683x1024.png 683w, https:\/\/artemis79.fr\/wp-content\/uploads\/2026\/01\/Chambre-Milo-2-Avant-DEF-200x300.png 200w, https:\/\/artemis79.fr\/wp-content\/uploads\/2026\/01\/Chambre-Milo-2-Avant-DEF-768x1152.png 768w, https:\/\/artemis79.fr\/wp-content\/uploads\/2026\/01\/Chambre-Milo-2-Avant-DEF.png 1024w\" sizes=\"auto, (max-width: 683px) 100vw, 683px\" \/><figcaption class=\"wp-element-caption\"><strong>Avant<\/strong><\/figcaption><\/figure>\n\n\n\n<figure class=\"wp-block-image size-large has-custom-border\"><img loading=\"lazy\" decoding=\"async\" width=\"1024\" height=\"768\" data-id=\"298\" src=\"https:\/\/artemis79.fr\/wp-content\/uploads\/2026\/01\/Chambre-Milo-2-Apres-1024x768.jpg\" alt=\"\" class=\"wp-image-298\" style=\"border-style:none;border-width:0px\" srcset=\"https:\/\/artemis79.fr\/wp-content\/uploads\/2026\/01\/Chambre-Milo-2-Apres-1024x768.jpg 1024w, https:\/\/artemis79.fr\/wp-content\/uploads\/2026\/01\/Chambre-Milo-2-Apres-300x225.jpg 300w, https:\/\/artemis79.fr\/wp-content\/uploads\/2026\/01\/Chambre-Milo-2-Apres-768x576.jpg 768w, https:\/\/artemis79.fr\/wp-content\/uploads\/2026\/01\/Chambre-Milo-2-Apres-1536x1152.jpg 1536w, https:\/\/artemis79.fr\/wp-content\/uploads\/2026\/01\/Chambre-Milo-2-Apres-2048x1536.jpg 2048w\" sizes=\"auto, (max-width: 1024px) 100vw, 1024px\" \/><figcaption class=\"wp-element-caption\"><strong>Apr\u00e8s<\/strong><\/figcaption><\/figure>\n<\/figure>\n<\/div>\n<\/div>\n\n\n\n<hr class=\"wp-block-separator has-alpha-channel-opacity is-style-default\"\/>\n\n\n\n<h5 class=\"wp-block-heading\" style=\"margin-top:0;margin-bottom:0\">R\u00e9novation d&rsquo;une entr\u00e9e : <\/h5>\n\n\n\n<p style=\"margin-top:0;margin-bottom:0;padding-top:var(--wp--preset--spacing--20);padding-bottom:var(--wp--preset--spacing--20)\">(suppression du placard, retrait du papier peint, ouverture de la cloison, enduit, peinture, cr\u00e9ation et pose d&rsquo;un claustra et changement d&rsquo;interrupteurs)<\/p>\n\n\n\n<div class=\"wp-block-columns is-layout-flex wp-container-core-columns-is-layout-28f84493 wp-block-columns-is-layout-flex\">\n<div class=\"wp-block-column is-layout-flow wp-container-core-column-is-layout-8e20e5a7 wp-block-column-is-layout-flow\" style=\"padding-right:var(--wp--preset--spacing--40);padding-left:var(--wp--preset--spacing--40)\">\n<figure class=\"wp-block-gallery has-nested-images columns-default is-cropped wp-block-gallery-4 is-layout-flex wp-block-gallery-is-layout-flex\">\n<figure class=\"wp-block-image size-large has-custom-border\"><img loading=\"lazy\" decoding=\"async\" width=\"683\" height=\"1024\" data-id=\"304\" src=\"https:\/\/artemis79.fr\/wp-content\/uploads\/2026\/01\/Entree-1-Avant-DEF-1-683x1024.png\" alt=\"\" class=\"wp-image-304\" style=\"border-style:none;border-width:0px\" srcset=\"https:\/\/artemis79.fr\/wp-content\/uploads\/2026\/01\/Entree-1-Avant-DEF-1-683x1024.png 683w, https:\/\/artemis79.fr\/wp-content\/uploads\/2026\/01\/Entree-1-Avant-DEF-1-200x300.png 200w, https:\/\/artemis79.fr\/wp-content\/uploads\/2026\/01\/Entree-1-Avant-DEF-1-768x1152.png 768w, https:\/\/artemis79.fr\/wp-content\/uploads\/2026\/01\/Entree-1-Avant-DEF-1.png 1024w\" sizes=\"auto, (max-width: 683px) 100vw, 683px\" \/><figcaption class=\"wp-element-caption\"><strong>Avant<\/strong><\/figcaption><\/figure>\n\n\n\n<figure class=\"wp-block-image size-large has-custom-border\"><img loading=\"lazy\" decoding=\"async\" width=\"1024\" height=\"576\" data-id=\"305\" src=\"https:\/\/artemis79.fr\/wp-content\/uploads\/2026\/01\/Entree-1-Apres-1-1024x576.jpg\" alt=\"\" class=\"wp-image-305\" style=\"border-style:none;border-width:0px\" srcset=\"https:\/\/artemis79.fr\/wp-content\/uploads\/2026\/01\/Entree-1-Apres-1-1024x576.jpg 1024w, https:\/\/artemis79.fr\/wp-content\/uploads\/2026\/01\/Entree-1-Apres-1-300x169.jpg 300w, https:\/\/artemis79.fr\/wp-content\/uploads\/2026\/01\/Entree-1-Apres-1-768x432.jpg 768w, https:\/\/artemis79.fr\/wp-content\/uploads\/2026\/01\/Entree-1-Apres-1-1536x864.jpg 1536w, https:\/\/artemis79.fr\/wp-content\/uploads\/2026\/01\/Entree-1-Apres-1-2048x1152.jpg 2048w\" sizes=\"auto, (max-width: 1024px) 100vw, 1024px\" \/><figcaption class=\"wp-element-caption\"><strong>Apr\u00e8s<\/strong><\/figcaption><\/figure>\n<\/figure>\n<\/div>\n\n\n\n<div class=\"wp-block-column is-layout-flow wp-block-column-is-layout-flow\">\n<figure class=\"wp-block-gallery has-nested-images columns-default is-cropped wp-block-gallery-5 is-layout-flex wp-block-gallery-is-layout-flex\">\n<figure class=\"wp-block-image size-large has-custom-border\"><img loading=\"lazy\" decoding=\"async\" width=\"683\" height=\"1024\" data-id=\"307\" src=\"https:\/\/artemis79.fr\/wp-content\/uploads\/2026\/01\/Entree-2-Avant-DEF-1-683x1024.png\" alt=\"\" class=\"wp-image-307\" style=\"border-style:none;border-width:0px\" srcset=\"https:\/\/artemis79.fr\/wp-content\/uploads\/2026\/01\/Entree-2-Avant-DEF-1-683x1024.png 683w, https:\/\/artemis79.fr\/wp-content\/uploads\/2026\/01\/Entree-2-Avant-DEF-1-200x300.png 200w, https:\/\/artemis79.fr\/wp-content\/uploads\/2026\/01\/Entree-2-Avant-DEF-1-768x1152.png 768w, https:\/\/artemis79.fr\/wp-content\/uploads\/2026\/01\/Entree-2-Avant-DEF-1.png 1024w\" sizes=\"auto, (max-width: 683px) 100vw, 683px\" \/><figcaption class=\"wp-element-caption\"><strong>Avant<\/strong><\/figcaption><\/figure>\n\n\n\n<figure class=\"wp-block-image size-large has-custom-border\"><img loading=\"lazy\" decoding=\"async\" width=\"1024\" height=\"576\" data-id=\"306\" src=\"https:\/\/artemis79.fr\/wp-content\/uploads\/2026\/01\/Entree-2-Apres-1-1024x576.jpg\" alt=\"\" class=\"wp-image-306\" style=\"border-style:none;border-width:0px\" srcset=\"https:\/\/artemis79.fr\/wp-content\/uploads\/2026\/01\/Entree-2-Apres-1-1024x576.jpg 1024w, https:\/\/artemis79.fr\/wp-content\/uploads\/2026\/01\/Entree-2-Apres-1-300x169.jpg 300w, https:\/\/artemis79.fr\/wp-content\/uploads\/2026\/01\/Entree-2-Apres-1-768x432.jpg 768w, https:\/\/artemis79.fr\/wp-content\/uploads\/2026\/01\/Entree-2-Apres-1-1536x864.jpg 1536w, https:\/\/artemis79.fr\/wp-content\/uploads\/2026\/01\/Entree-2-Apres-1-2048x1152.jpg 2048w\" sizes=\"auto, (max-width: 1024px) 100vw, 1024px\" \/><figcaption class=\"wp-element-caption\"><strong>Apr\u00e8s<\/strong><\/figcaption><\/figure>\n<\/figure>\n<\/div>\n<\/div>\n\n\n\n<hr class=\"wp-block-separator has-alpha-channel-opacity is-style-default\"\/>\n\n\n\n<h5 class=\"wp-block-heading\" style=\"margin-top:0;margin-bottom:0\">R\u00e9novation d&rsquo;un salon : <\/h5>\n\n\n\n<p style=\"margin-top:0;margin-bottom:0;padding-top:var(--wp--preset--spacing--20);padding-bottom:var(--wp--preset--spacing--20)\">(d\u00e9montage de la chemin\u00e9e, retrait du papier peint, enduit (murs et plafond), peinture, pose de plancher PVC et sous-couche isolante, fixation des planches murales en ch\u00eane massif et changement d&rsquo;interrupteurs)<\/p>\n\n\n\n<figure class=\"wp-block-gallery has-nested-images columns-2 is-cropped wp-block-gallery-6 is-layout-flex wp-block-gallery-is-layout-flex\">\n<figure class=\"wp-block-image size-large has-custom-border\"><img loading=\"lazy\" decoding=\"async\" width=\"1477\" height=\"985\" data-id=\"334\" src=\"https:\/\/artemis79.fr\/wp-content\/uploads\/2026\/01\/Salon-1-Avant-DEF-2-edited.png\" alt=\"\" class=\"wp-image-334\" style=\"border-style:none;border-width:0px\" srcset=\"https:\/\/artemis79.fr\/wp-content\/uploads\/2026\/01\/Salon-1-Avant-DEF-2-edited.png 1477w, https:\/\/artemis79.fr\/wp-content\/uploads\/2026\/01\/Salon-1-Avant-DEF-2-edited-300x200.png 300w, https:\/\/artemis79.fr\/wp-content\/uploads\/2026\/01\/Salon-1-Avant-DEF-2-edited-1024x683.png 1024w, https:\/\/artemis79.fr\/wp-content\/uploads\/2026\/01\/Salon-1-Avant-DEF-2-edited-768x512.png 768w\" sizes=\"auto, (max-width: 1477px) 100vw, 1477px\" \/><figcaption class=\"wp-element-caption\"><strong>Avant<\/strong><\/figcaption><\/figure>\n\n\n\n<figure class=\"wp-block-image size-large has-custom-border\"><img loading=\"lazy\" decoding=\"async\" width=\"1024\" height=\"576\" data-id=\"323\" src=\"https:\/\/artemis79.fr\/wp-content\/uploads\/2026\/01\/Salon-1-Apres-2-1024x576.jpg\" alt=\"\" class=\"wp-image-323\" style=\"border-style:none;border-width:0px\" srcset=\"https:\/\/artemis79.fr\/wp-content\/uploads\/2026\/01\/Salon-1-Apres-2-1024x576.jpg 1024w, https:\/\/artemis79.fr\/wp-content\/uploads\/2026\/01\/Salon-1-Apres-2-300x169.jpg 300w, https:\/\/artemis79.fr\/wp-content\/uploads\/2026\/01\/Salon-1-Apres-2-768x432.jpg 768w, https:\/\/artemis79.fr\/wp-content\/uploads\/2026\/01\/Salon-1-Apres-2-1536x864.jpg 1536w, https:\/\/artemis79.fr\/wp-content\/uploads\/2026\/01\/Salon-1-Apres-2-2048x1152.jpg 2048w\" sizes=\"auto, (max-width: 1024px) 100vw, 1024px\" \/><figcaption class=\"wp-element-caption\"><strong>Apr\u00e8s<\/strong><\/figcaption><\/figure>\n\n\n\n<figure class=\"wp-block-image size-large has-custom-border\"><img loading=\"lazy\" decoding=\"async\" width=\"1024\" height=\"683\" data-id=\"324\" src=\"https:\/\/artemis79.fr\/wp-content\/uploads\/2026\/01\/Salon-2-Avant-DEF-1-1024x683.png\" alt=\"\" class=\"wp-image-324\" style=\"border-style:none;border-width:0px\" srcset=\"https:\/\/artemis79.fr\/wp-content\/uploads\/2026\/01\/Salon-2-Avant-DEF-1-1024x683.png 1024w, https:\/\/artemis79.fr\/wp-content\/uploads\/2026\/01\/Salon-2-Avant-DEF-1-300x200.png 300w, https:\/\/artemis79.fr\/wp-content\/uploads\/2026\/01\/Salon-2-Avant-DEF-1-768x512.png 768w, https:\/\/artemis79.fr\/wp-content\/uploads\/2026\/01\/Salon-2-Avant-DEF-1.png 1536w\" sizes=\"auto, (max-width: 1024px) 100vw, 1024px\" \/><figcaption class=\"wp-element-caption\"><strong>Avant<\/strong><\/figcaption><\/figure>\n\n\n\n<figure class=\"wp-block-image size-large has-custom-border\"><img loading=\"lazy\" decoding=\"async\" width=\"1024\" height=\"576\" data-id=\"328\" src=\"https:\/\/artemis79.fr\/wp-content\/uploads\/2026\/01\/Salon-2-Apres-2-1024x576.jpg\" alt=\"\" class=\"wp-image-328\" style=\"border-style:none;border-width:0px\" srcset=\"https:\/\/artemis79.fr\/wp-content\/uploads\/2026\/01\/Salon-2-Apres-2-1024x576.jpg 1024w, https:\/\/artemis79.fr\/wp-content\/uploads\/2026\/01\/Salon-2-Apres-2-300x169.jpg 300w, https:\/\/artemis79.fr\/wp-content\/uploads\/2026\/01\/Salon-2-Apres-2-768x432.jpg 768w, https:\/\/artemis79.fr\/wp-content\/uploads\/2026\/01\/Salon-2-Apres-2-1536x864.jpg 1536w, https:\/\/artemis79.fr\/wp-content\/uploads\/2026\/01\/Salon-2-Apres-2-2048x1152.jpg 2048w\" sizes=\"auto, (max-width: 1024px) 100vw, 1024px\" \/><figcaption class=\"wp-element-caption\"><strong>Apr\u00e8s<\/strong><\/figcaption><\/figure>\n<\/figure>\n\n\n\n<hr class=\"wp-block-separator has-alpha-channel-opacity is-style-default\"\/>\n\n\n\n<h5 class=\"wp-block-heading\" style=\"margin-top:0;margin-bottom:0\">Quelques autres projets de mise en peinture :<\/h5>\n\n\n\n<figure class=\"wp-block-gallery has-nested-images columns-4 is-cropped wp-block-gallery-7 is-layout-flex wp-block-gallery-is-layout-flex\">\n<figure class=\"wp-block-image size-large\"><img loading=\"lazy\" decoding=\"async\" width=\"1024\" height=\"683\" data-id=\"313\" src=\"https:\/\/artemis79.fr\/wp-content\/uploads\/2026\/01\/Chambre-Loan-Bretifny-DEF-1024x683.png\" alt=\"\" class=\"wp-image-313\" srcset=\"https:\/\/artemis79.fr\/wp-content\/uploads\/2026\/01\/Chambre-Loan-Bretifny-DEF-1024x683.png 1024w, https:\/\/artemis79.fr\/wp-content\/uploads\/2026\/01\/Chambre-Loan-Bretifny-DEF-300x200.png 300w, https:\/\/artemis79.fr\/wp-content\/uploads\/2026\/01\/Chambre-Loan-Bretifny-DEF-768x512.png 768w, https:\/\/artemis79.fr\/wp-content\/uploads\/2026\/01\/Chambre-Loan-Bretifny-DEF.png 1536w\" sizes=\"auto, (max-width: 1024px) 100vw, 1024px\" \/><\/figure>\n\n\n\n<figure class=\"wp-block-image size-large\"><img loading=\"lazy\" decoding=\"async\" width=\"1024\" height=\"683\" data-id=\"314\" src=\"https:\/\/artemis79.fr\/wp-content\/uploads\/2026\/01\/Salle-a-manger-Bretigny-DEF-1024x683.png\" alt=\"\" class=\"wp-image-314\" srcset=\"https:\/\/artemis79.fr\/wp-content\/uploads\/2026\/01\/Salle-a-manger-Bretigny-DEF-1024x683.png 1024w, https:\/\/artemis79.fr\/wp-content\/uploads\/2026\/01\/Salle-a-manger-Bretigny-DEF-300x200.png 300w, https:\/\/artemis79.fr\/wp-content\/uploads\/2026\/01\/Salle-a-manger-Bretigny-DEF-768x512.png 768w, https:\/\/artemis79.fr\/wp-content\/uploads\/2026\/01\/Salle-a-manger-Bretigny-DEF.png 1536w\" sizes=\"auto, (max-width: 1024px) 100vw, 1024px\" \/><\/figure>\n\n\n\n<figure class=\"wp-block-image size-large\"><img loading=\"lazy\" decoding=\"async\" width=\"683\" height=\"1024\" data-id=\"315\" src=\"https:\/\/artemis79.fr\/wp-content\/uploads\/2026\/01\/Entree-Olbreuse-DEF-683x1024.png\" alt=\"\" class=\"wp-image-315\" srcset=\"https:\/\/artemis79.fr\/wp-content\/uploads\/2026\/01\/Entree-Olbreuse-DEF-683x1024.png 683w, https:\/\/artemis79.fr\/wp-content\/uploads\/2026\/01\/Entree-Olbreuse-DEF-200x300.png 200w, https:\/\/artemis79.fr\/wp-content\/uploads\/2026\/01\/Entree-Olbreuse-DEF-768x1152.png 768w, https:\/\/artemis79.fr\/wp-content\/uploads\/2026\/01\/Entree-Olbreuse-DEF.png 1024w\" sizes=\"auto, (max-width: 683px) 100vw, 683px\" \/><\/figure>\n\n\n\n<figure class=\"wp-block-image size-large\"><img loading=\"lazy\" decoding=\"async\" width=\"1024\" height=\"683\" data-id=\"316\" src=\"https:\/\/artemis79.fr\/wp-content\/uploads\/2026\/01\/Chambre-Parents-Olbreuse-DEF-1024x683.png\" alt=\"\" class=\"wp-image-316\" srcset=\"https:\/\/artemis79.fr\/wp-content\/uploads\/2026\/01\/Chambre-Parents-Olbreuse-DEF-1024x683.png 1024w, https:\/\/artemis79.fr\/wp-content\/uploads\/2026\/01\/Chambre-Parents-Olbreuse-DEF-300x200.png 300w, https:\/\/artemis79.fr\/wp-content\/uploads\/2026\/01\/Chambre-Parents-Olbreuse-DEF-768x512.png 768w, https:\/\/artemis79.fr\/wp-content\/uploads\/2026\/01\/Chambre-Parents-Olbreuse-DEF.png 1536w\" sizes=\"auto, (max-width: 1024px) 100vw, 1024px\" \/><\/figure>\n\n\n\n<figure class=\"wp-block-image size-large\"><img loading=\"lazy\" decoding=\"async\" width=\"1024\" height=\"683\" data-id=\"318\" src=\"https:\/\/artemis79.fr\/wp-content\/uploads\/2026\/01\/Chambre-Milo-Olbreuse-DEF-1024x683.png\" alt=\"\" class=\"wp-image-318\" srcset=\"https:\/\/artemis79.fr\/wp-content\/uploads\/2026\/01\/Chambre-Milo-Olbreuse-DEF-1024x683.png 1024w, https:\/\/artemis79.fr\/wp-content\/uploads\/2026\/01\/Chambre-Milo-Olbreuse-DEF-300x200.png 300w, https:\/\/artemis79.fr\/wp-content\/uploads\/2026\/01\/Chambre-Milo-Olbreuse-DEF-768x512.png 768w, https:\/\/artemis79.fr\/wp-content\/uploads\/2026\/01\/Chambre-Milo-Olbreuse-DEF.png 1536w\" sizes=\"auto, (max-width: 1024px) 100vw, 1024px\" \/><\/figure>\n\n\n\n<figure class=\"wp-block-image size-large\"><img loading=\"lazy\" decoding=\"async\" width=\"1024\" height=\"768\" data-id=\"338\" src=\"https:\/\/artemis79.fr\/wp-content\/uploads\/2026\/01\/Chambre-Parents-Bretigny-Apres-1024x768.jpg\" alt=\"\" class=\"wp-image-338\" srcset=\"https:\/\/artemis79.fr\/wp-content\/uploads\/2026\/01\/Chambre-Parents-Bretigny-Apres-1024x768.jpg 1024w, https:\/\/artemis79.fr\/wp-content\/uploads\/2026\/01\/Chambre-Parents-Bretigny-Apres-300x225.jpg 300w, https:\/\/artemis79.fr\/wp-content\/uploads\/2026\/01\/Chambre-Parents-Bretigny-Apres-768x576.jpg 768w, https:\/\/artemis79.fr\/wp-content\/uploads\/2026\/01\/Chambre-Parents-Bretigny-Apres-1536x1152.jpg 1536w, https:\/\/artemis79.fr\/wp-content\/uploads\/2026\/01\/Chambre-Parents-Bretigny-Apres-2048x1536.jpg 2048w\" sizes=\"auto, (max-width: 1024px) 100vw, 1024px\" \/><\/figure>\n<\/figure>\n\n\n\n<p><\/p>\n","protected":false},"excerpt":{"rendered":"<p>Je r\u00e9alise de petits travaux de bricolage \u00e9ligibles au cr\u00e9dit d\u2019imp\u00f4t, comme : (Concerne des prestations \u00e9l\u00e9mentaires et occasionnelles, qui n\u2019appellent pas de savoir-faire professionnel particulier et qui peuvent \u00eatre r\u00e9alis\u00e9es en 2 heures maximum.)Le r\u00e8glement de ces prestations est possible par CESU pr\u00e9financ\u00e9s et je propose \u00e9galement l&rsquo;avance imm\u00e9diate sur cr\u00e9dit d&rsquo;imp\u00f4t. L&rsquo;avance imm\u00e9diate [&hellip;]<\/p>\n","protected":false},"author":1,"featured_media":0,"parent":0,"menu_order":3,"comment_status":"closed","ping_status":"closed","template":"","meta":{"footnotes":""},"class_list":["post-34","page","type-page","status-publish","hentry"],"blocksy_meta":[],"_links":{"self":[{"href":"https:\/\/artemis79.fr\/index.php\/wp-json\/wp\/v2\/pages\/34","targetHints":{"allow":["GET"]}}],"collection":[{"href":"https:\/\/artemis79.fr\/index.php\/wp-json\/wp\/v2\/pages"}],"about":[{"href":"https:\/\/artemis79.fr\/index.php\/wp-json\/wp\/v2\/types\/page"}],"author":[{"embeddable":true,"href":"https:\/\/artemis79.fr\/index.php\/wp-json\/wp\/v2\/users\/1"}],"replies":[{"embeddable":true,"href":"https:\/\/artemis79.fr\/index.php\/wp-json\/wp\/v2\/comments?post=34"}],"version-history":[{"count":33,"href":"https:\/\/artemis79.fr\/index.php\/wp-json\/wp\/v2\/pages\/34\/revisions"}],"predecessor-version":[{"id":509,"href":"https:\/\/artemis79.fr\/index.php\/wp-json\/wp\/v2\/pages\/34\/revisions\/509"}],"wp:attachment":[{"href":"https:\/\/artemis79.fr\/index.php\/wp-json\/wp\/v2\/media?parent=34"}],"curies":[{"name":"wp","href":"https:\/\/api.w.org\/{rel}","templated":true}]}}