{"id":47,"date":"2026-01-07T12:36:04","date_gmt":"2026-01-07T11:36:04","guid":{"rendered":"https:\/\/artemis79.fr\/?page_id=47"},"modified":"2026-01-07T20:17:15","modified_gmt":"2026-01-07T19:17:15","slug":"visuels-ia-3d","status":"publish","type":"page","link":"https:\/\/artemis79.fr\/index.php\/visuels-ia-3d\/","title":{"rendered":"Visuels IA 3D"},"content":{"rendered":"\n<p class=\"has-text-align-center\"><strong>La cr\u00e9ation de visuels 3D \u00e0 l&rsquo;aide de l&rsquo;IA vous permet de vous projeter avant vos travaux. Pour tous vos projets, n&rsquo;h\u00e9sitez pas \u00e0 me contacter !<\/strong><\/p>\n\n\n\n<h6 class=\"wp-block-heading\">Se projeter avant la mise en peinture :<\/h6>\n\n\n\n<figure class=\"wp-block-gallery has-nested-images columns-default is-cropped wp-block-gallery-1 is-layout-flex wp-block-gallery-is-layout-flex\">\n<figure class=\"wp-block-image size-large\"><img loading=\"lazy\" decoding=\"async\" width=\"1024\" height=\"585\" data-id=\"48\" src=\"https:\/\/artemis79.fr\/wp-content\/uploads\/2026\/01\/ai-render-9640290-1024x585.jpg\" alt=\"\" class=\"wp-image-48\" srcset=\"https:\/\/artemis79.fr\/wp-content\/uploads\/2026\/01\/ai-render-9640290-1024x585.jpg 1024w, https:\/\/artemis79.fr\/wp-content\/uploads\/2026\/01\/ai-render-9640290-300x171.jpg 300w, https:\/\/artemis79.fr\/wp-content\/uploads\/2026\/01\/ai-render-9640290-768x439.jpg 768w, https:\/\/artemis79.fr\/wp-content\/uploads\/2026\/01\/ai-render-9640290.jpg 1344w\" sizes=\"auto, (max-width: 1024px) 100vw, 1024px\" \/><\/figure>\n\n\n\n<figure class=\"wp-block-image size-large\"><img loading=\"lazy\" decoding=\"async\" width=\"1024\" height=\"687\" data-id=\"49\" src=\"https:\/\/artemis79.fr\/wp-content\/uploads\/2026\/01\/ai-render-9640846-1024x687.jpg\" alt=\"\" class=\"wp-image-49\" srcset=\"https:\/\/artemis79.fr\/wp-content\/uploads\/2026\/01\/ai-render-9640846-1024x687.jpg 1024w, https:\/\/artemis79.fr\/wp-content\/uploads\/2026\/01\/ai-render-9640846-300x201.jpg 300w, https:\/\/artemis79.fr\/wp-content\/uploads\/2026\/01\/ai-render-9640846-768x515.jpg 768w, https:\/\/artemis79.fr\/wp-content\/uploads\/2026\/01\/ai-render-9640846-1536x1030.jpg 1536w, https:\/\/artemis79.fr\/wp-content\/uploads\/2026\/01\/ai-render-9640846-2048x1374.jpg 2048w\" sizes=\"auto, (max-width: 1024px) 100vw, 1024px\" \/><\/figure>\n\n\n\n<figure class=\"wp-block-image size-large\"><img loading=\"lazy\" decoding=\"async\" width=\"1024\" height=\"687\" data-id=\"51\" src=\"https:\/\/artemis79.fr\/wp-content\/uploads\/2026\/01\/ai-render-9640877-1-1024x687.jpg\" alt=\"\" class=\"wp-image-51\" srcset=\"https:\/\/artemis79.fr\/wp-content\/uploads\/2026\/01\/ai-render-9640877-1-1024x687.jpg 1024w, https:\/\/artemis79.fr\/wp-content\/uploads\/2026\/01\/ai-render-9640877-1-300x201.jpg 300w, https:\/\/artemis79.fr\/wp-content\/uploads\/2026\/01\/ai-render-9640877-1-768x515.jpg 768w, https:\/\/artemis79.fr\/wp-content\/uploads\/2026\/01\/ai-render-9640877-1-1536x1030.jpg 1536w, https:\/\/artemis79.fr\/wp-content\/uploads\/2026\/01\/ai-render-9640877-1-2048x1374.jpg 2048w\" sizes=\"auto, (max-width: 1024px) 100vw, 1024px\" \/><\/figure>\n<\/figure>\n\n\n\n<h6 class=\"wp-block-heading\">Illustrer une potentielle extension :<\/h6>\n\n\n\n<figure class=\"wp-block-gallery has-nested-images columns-default is-cropped wp-block-gallery-2 is-layout-flex wp-block-gallery-is-layout-flex\">\n<figure class=\"wp-block-image size-large\"><img loading=\"lazy\" decoding=\"async\" width=\"1024\" height=\"576\" data-id=\"135\" src=\"https:\/\/artemis79.fr\/wp-content\/uploads\/2026\/01\/01-1024x576.jpg\" alt=\"\" class=\"wp-image-135\" srcset=\"https:\/\/artemis79.fr\/wp-content\/uploads\/2026\/01\/01-1024x576.jpg 1024w, https:\/\/artemis79.fr\/wp-content\/uploads\/2026\/01\/01-300x169.jpg 300w, https:\/\/artemis79.fr\/wp-content\/uploads\/2026\/01\/01-768x432.jpg 768w, https:\/\/artemis79.fr\/wp-content\/uploads\/2026\/01\/01-1536x864.jpg 1536w, https:\/\/artemis79.fr\/wp-content\/uploads\/2026\/01\/01-2048x1152.jpg 2048w\" sizes=\"auto, (max-width: 1024px) 100vw, 1024px\" \/><\/figure>\n\n\n\n<figure class=\"wp-block-image size-large\"><img loading=\"lazy\" decoding=\"async\" width=\"1024\" height=\"576\" data-id=\"136\" src=\"https:\/\/artemis79.fr\/wp-content\/uploads\/2026\/01\/02-1024x576.jpg\" alt=\"\" class=\"wp-image-136\" srcset=\"https:\/\/artemis79.fr\/wp-content\/uploads\/2026\/01\/02-1024x576.jpg 1024w, https:\/\/artemis79.fr\/wp-content\/uploads\/2026\/01\/02-300x169.jpg 300w, https:\/\/artemis79.fr\/wp-content\/uploads\/2026\/01\/02-768x432.jpg 768w, https:\/\/artemis79.fr\/wp-content\/uploads\/2026\/01\/02-1536x864.jpg 1536w, https:\/\/artemis79.fr\/wp-content\/uploads\/2026\/01\/02-2048x1152.jpg 2048w\" sizes=\"auto, (max-width: 1024px) 100vw, 1024px\" \/><\/figure>\n\n\n\n<figure class=\"wp-block-image size-large\"><img loading=\"lazy\" decoding=\"async\" width=\"1024\" height=\"572\" data-id=\"134\" src=\"https:\/\/artemis79.fr\/wp-content\/uploads\/2026\/01\/ai-render-9657716-1024x572.jpg\" alt=\"\" class=\"wp-image-134\" srcset=\"https:\/\/artemis79.fr\/wp-content\/uploads\/2026\/01\/ai-render-9657716-1024x572.jpg 1024w, https:\/\/artemis79.fr\/wp-content\/uploads\/2026\/01\/ai-render-9657716-300x167.jpg 300w, https:\/\/artemis79.fr\/wp-content\/uploads\/2026\/01\/ai-render-9657716-768x429.jpg 768w, https:\/\/artemis79.fr\/wp-content\/uploads\/2026\/01\/ai-render-9657716-1536x857.jpg 1536w, https:\/\/artemis79.fr\/wp-content\/uploads\/2026\/01\/ai-render-9657716-2048x1143.jpg 2048w\" sizes=\"auto, (max-width: 1024px) 100vw, 1024px\" \/><\/figure>\n<\/figure>\n\n\n\n<div class=\"wp-block-columns is-layout-flex wp-container-core-columns-is-layout-28f84493 wp-block-columns-is-layout-flex\">\n<div class=\"wp-block-column is-layout-flow wp-block-column-is-layout-flow\"><\/div>\n\n\n\n<div class=\"wp-block-column is-layout-flow wp-block-column-is-layout-flow\">\n<figure class=\"wp-block-video\"><video height=\"716\" style=\"aspect-ratio: 1284 \/ 716;\" width=\"1284\" controls src=\"https:\/\/artemis79.fr\/wp-content\/uploads\/2026\/01\/ai-render-9658030-1.mp4\"><\/video><\/figure>\n<\/div>\n\n\n\n<div class=\"wp-block-column is-layout-flow wp-block-column-is-layout-flow\"><\/div>\n<\/div>\n\n\n\n<p><\/p>\n","protected":false},"excerpt":{"rendered":"<p>La cr\u00e9ation de visuels 3D \u00e0 l&rsquo;aide de l&rsquo;IA vous permet de vous projeter avant vos travaux. Pour tous vos projets, n&rsquo;h\u00e9sitez pas \u00e0 me contacter ! Se projeter avant la mise en peinture : Illustrer une potentielle extension :<\/p>\n","protected":false},"author":1,"featured_media":0,"parent":0,"menu_order":4,"comment_status":"closed","ping_status":"closed","template":"","meta":{"footnotes":""},"class_list":["post-47","page","type-page","status-publish","hentry"],"blocksy_meta":[],"_links":{"self":[{"href":"https:\/\/artemis79.fr\/index.php\/wp-json\/wp\/v2\/pages\/47","targetHints":{"allow":["GET"]}}],"collection":[{"href":"https:\/\/artemis79.fr\/index.php\/wp-json\/wp\/v2\/pages"}],"about":[{"href":"https:\/\/artemis79.fr\/index.php\/wp-json\/wp\/v2\/types\/page"}],"author":[{"embeddable":true,"href":"https:\/\/artemis79.fr\/index.php\/wp-json\/wp\/v2\/users\/1"}],"replies":[{"embeddable":true,"href":"https:\/\/artemis79.fr\/index.php\/wp-json\/wp\/v2\/comments?post=47"}],"version-history":[{"count":8,"href":"https:\/\/artemis79.fr\/index.php\/wp-json\/wp\/v2\/pages\/47\/revisions"}],"predecessor-version":[{"id":221,"href":"https:\/\/artemis79.fr\/index.php\/wp-json\/wp\/v2\/pages\/47\/revisions\/221"}],"wp:attachment":[{"href":"https:\/\/artemis79.fr\/index.php\/wp-json\/wp\/v2\/media?parent=47"}],"curies":[{"name":"wp","href":"https:\/\/api.w.org\/{rel}","templated":true}]}}